{"id":421,"date":"2022-06-11T07:49:35","date_gmt":"2022-06-11T05:49:35","guid":{"rendered":"http:\/\/iwuystn.cluster031.hosting.ovh.net\/?page_id=421"},"modified":"2022-06-11T07:50:12","modified_gmt":"2022-06-11T05:50:12","slug":"la-poste","status":"publish","type":"page","link":"https:\/\/iwuystoire.ovh\/index.php\/la-poste\/","title":{"rendered":"La poste"},"content":{"rendered":"\n<h2 class=\"wp-block-heading\">Histoire<\/h2>\n\n\n\n<figure class=\"wp-block-table\" style=\"font-size:18px\"><table class=\"has-ast-global-color-8-color has-text-color\"><tbody><tr><td>Il existe un bureau de Poste \u00e0 Iwuy depuis le 1er novembre 1845, il est situ\u00e9 \u00e0 l&#8217;origine au n\u00b0 15 de la rue de Rieux (aujourd&#8217;hui rue des martyrs). C&#8217;est une simple bo\u00eete aux lettres ou l&#8217;on d\u00e9pose son courrier, celui-ci transite ensuite par le bureau principal de Cambrai. Les timbres doivent \u00eatre achet\u00e9s au d\u00e9bit de tabac. En 1864, avec le d\u00e9veloppement du chemin de fer, le bureau \u00e9volue et se transforme en Recette, ou l&#8217;on peut affranchir son courrier. Le 1er f\u00e9vrier 1907 le t\u00e9l\u00e9phone fait son apparition. Le 19 f\u00e9vrier 1919, le conseil municipal attribue un bureau plus pratique qui se situe derri\u00e8re le monument aux morts (celui-ci ne sera \u00e9rig\u00e9 qu&#8217;en 1921). En 1929, le bureau d\u00e9m\u00e9nage au presbyt\u00e8re. En 1933 il arrive pr\u00e8s de l&#8217; \u00e9glise ou il reste jusqu&#8217;\u00e0 sa fermeture d\u00e9finitive&nbsp; le 30 juillet 2021. En 1968, un autocommutateur est install\u00e9 entre le b\u00e2timent de la Poste et L&#8217;\u00c9glise. Le t\u00e9l\u00e9phone automatique fonctionne en 1972 (avant il fallait passer par un op\u00e9rateur pour obtenir son correspondant), la premi\u00e8re cabine t\u00e9l\u00e9phonique est install\u00e9e en 1974, rue Pasteur, 3 autres feront leur apparition en 1978, elles ont aujourd&#8217;hui toutes disparues, victimes de l&#8217;\u00e9volution de la technologie.<br>Depuis le 13 septembre 2021, une agence postale communale situ\u00e9e derri\u00e8re la mairie (g\u00e9r\u00e9e par France Service et non plus par la poste) a pris le relais.<\/td><\/tr><\/tbody><\/table><\/figure>\n\n\n\n<style id=\"bwg-style-0\">    #bwg_container1_0 #bwg_container2_0 .bwg-container-0.bwg-standard-thumbnails {      width: 1254px;              justify-content: center;        margin:0 auto !important;              background-color: rgba(255, 255, 255, 0.00);            padding-left: 4px;      padding-top: 4px;      max-width: 100%;            }        #bwg_container1_0 #bwg_container2_0 .bwg-container-0.bwg-standard-thumbnails .bwg-item {    justify-content: flex-start;      max-width: 250px;          }    #bwg_container1_0 #bwg_container2_0 .bwg-container-0.bwg-standard-thumbnails .bwg-item a {       margin-right: 4px;       margin-bottom: 4px;    }    #bwg_container1_0 #bwg_container2_0 .bwg-container-0.bwg-standard-thumbnails .bwg-item0 {      padding: 0px;            background-color:rgba(0,0,0, 0.30);      border: 0px none #CCCCCC;      opacity: 1.00;      border-radius: 0;      box-shadow: ;    }    #bwg_container1_0 #bwg_container2_0 .bwg-container-0.bwg-standard-thumbnails .bwg-item1 img {      max-height: none;      max-width: none;      padding: 0 !important;    }         @media only screen and (min-width: 480px) {\t\t#bwg_container1_0 #bwg_container2_0 .bwg-container-0.bwg-standard-thumbnails .bwg-item1 img {\t\t\t-webkit-transition: all .3s; transition: all .3s;\t\t}\t\t#bwg_container1_0 #bwg_container2_0 .bwg-container-0.bwg-standard-thumbnails .bwg-item1 img:hover {\t\t\t-ms-transform: scale(1.08);\t\t\t-webkit-transform: scale(1.08);\t\t\ttransform: scale(1.08);\t\t}\t\t\t\t.bwg-standard-thumbnails .bwg-zoom-effect .bwg-zoom-effect-overlay {\t\t\t\t\t\tbackground-color:rgba(0,0,0, 0.3);\t\t}\t\t.bwg-standard-thumbnails .bwg-zoom-effect:hover img {\t\t\t-ms-transform: scale(1.08);\t\t\t-webkit-transform: scale(1.08);\t\t\ttransform: scale(1.08);\t\t}\t\t      }\t    #bwg_container1_0 #bwg_container2_0 .bwg-container-0.bwg-standard-thumbnails .bwg-item1 {      padding-top: 56%;    }        #bwg_container1_0 #bwg_container2_0 .bwg-container-0.bwg-standard-thumbnails .bwg-title1 {      position: absolute;      top: 0;      z-index: 100;      width: 100%;      height: 100%;      display: flex;      justify-content: center;      align-content: center;      flex-direction: column;      opacity: 0;    }\t      #bwg_container1_0 #bwg_container2_0 .bwg-container-0.bwg-standard-thumbnails .bwg-title2,    #bwg_container1_0 #bwg_container2_0 .bwg-container-0.bwg-standard-thumbnails .bwg-ecommerce2 {      color: #FFFFFF;      font-family: Ubuntu;      font-size: 16px;      font-weight: bold;      padding: 2px;      text-shadow: ;      max-height: 100%;    }    #bwg_container1_0 #bwg_container2_0 .bwg-container-0.bwg-standard-thumbnails .bwg-thumb-description span {    color: #323A45;    font-family: Ubuntu;    font-size: 12px;    max-height: 100%;    word-wrap: break-word;    }    #bwg_container1_0 #bwg_container2_0 .bwg-container-0.bwg-standard-thumbnails .bwg-play-icon2 {      font-size: 32px;    }    #bwg_container1_0 #bwg_container2_0 .bwg-container-0.bwg-standard-thumbnails .bwg-ecommerce2 {      font-size: 19.2px;      color: #323A45;    }    <\/style>    <div id=\"bwg_container1_0\"         class=\"bwg_container bwg_thumbnail bwg_thumbnails \"         data-right-click-protection=\"0\"         data-bwg=\"0\"         data-scroll=\"0\"         data-gallery-type=\"thumbnails\"         data-gallery-view-type=\"thumbnails\"         data-current-url=\"\/index.php\/wp-json\/wp\/v2\/pages\/421\"         data-lightbox-url=\"https:\/\/iwuystoire.ovh\/wp-admin\/admin-ajax.php?action=GalleryBox&#038;current_view=0&#038;gallery_id=2&#038;tag=0&#038;theme_id=1&#038;shortcode_id=7&#038;sort_by=order&#038;order_by=asc&#038;current_url=%2Findex.php%2Fwp-json%2Fwp%2Fv2%2Fpages%2F421\"         data-gallery-id=\"2\"         data-popup-width=\"800\"         data-popup-height=\"500\"         data-is-album=\"gallery\"         data-buttons-position=\"bottom\">      <div id=\"bwg_container2_0\">             <div id=\"ajax_loading_0\" class=\"bwg_loading_div_1\">      <div class=\"bwg_loading_div_2\">        <div class=\"bwg_loading_div_3\">          <div id=\"loading_div_0\" class=\"bwg_spider_ajax_loading\">          <\/div>        <\/div>      <\/div>    <\/div>            <form id=\"gal_front_form_0\"              class=\"bwg-hidden\"              method=\"post\"              action=\"#\"              data-current=\"0\"              data-shortcode-id=\"7\"              data-gallery-type=\"thumbnails\"              data-gallery-id=\"2\"              data-tag=\"0\"              data-album-id=\"0\"              data-theme-id=\"1\"              data-ajax-url=\"https:\/\/iwuystoire.ovh\/wp-admin\/admin-ajax.php?action=bwg_frontend_data\">          <div id=\"bwg_container3_0\" class=\"bwg-background bwg-background-0\">                <div data-max-count=\"5\"         data-thumbnail-width=\"250\"         data-bwg=\"0\"         data-gallery-id=\"2\"         data-lightbox-url=\"https:\/\/iwuystoire.ovh\/wp-admin\/admin-ajax.php?action=GalleryBox&amp;current_view=0&amp;gallery_id=2&amp;tag=0&amp;theme_id=1&amp;shortcode_id=7&amp;sort_by=order&amp;order_by=asc&amp;current_url=%2Findex.php%2Fwp-json%2Fwp%2Fv2%2Fpages%2F421\"         id=\"bwg_thumbnails_0\"         class=\"bwg-container-0 bwg-thumbnails bwg-standard-thumbnails bwg-container bwg-border-box\">            <div class=\"bwg-item\">        <a class=\"bwg-a  bwg_lightbox\"  data-image-id=\"14\" href=\"https:\/\/iwuystoire.ovh\/wp-content\/uploads\/photo-gallery\/imported_from_media_libray\/Poste-1921.jpg?bwg=1654924868\" data-elementor-open-lightbox=\"no\">                <div class=\"bwg-item0 \">          <div class=\"bwg-item1 bwg-zoom-effect\">            <div class=\"bwg-item2\">              <img decoding=\"async\" class=\"skip-lazy bwg_standart_thumb_img_0 \"                   data-id=\"14\"                   data-width=\"500.00\"                   data-height=\"322.00\"                   data-src=\"https:\/\/iwuystoire.ovh\/wp-content\/uploads\/photo-gallery\/imported_from_media_libray\/thumb\/Poste-1921.jpg?bwg=1654924868\"                   src=\"https:\/\/iwuystoire.ovh\/wp-content\/uploads\/photo-gallery\/imported_from_media_libray\/thumb\/Poste-1921.jpg?bwg=1654924868\"                   alt=\"Poste 1921\"                   title=\"Poste 1921\" \/>            <\/div>            <div class=\"bwg-zoom-effect-overlay\">              <div class=\"bwg-title1\"><div class=\"bwg-title2\">Poste 1921<\/div><\/div>                                        <\/div>          <\/div>        <\/div>                        <\/a>              <\/div>            <div class=\"bwg-item\">        <a class=\"bwg-a  bwg_lightbox\"  data-image-id=\"15\" href=\"https:\/\/iwuystoire.ovh\/wp-content\/uploads\/photo-gallery\/imported_from_media_libray\/Poste-Place-G-Tranoy-annees-2000.jpg?bwg=1654925140\" data-elementor-open-lightbox=\"no\">                <div class=\"bwg-item0 \">          <div class=\"bwg-item1 bwg-zoom-effect\">            <div class=\"bwg-item2\">              <img decoding=\"async\" class=\"skip-lazy bwg_standart_thumb_img_0 \"                   data-id=\"15\"                   data-width=\"500.00\"                   data-height=\"281.00\"                   data-src=\"https:\/\/iwuystoire.ovh\/wp-content\/uploads\/photo-gallery\/imported_from_media_libray\/thumb\/Poste-Place-G-Tranoy-annees-2000.jpg?bwg=1654925140\"                   src=\"https:\/\/iwuystoire.ovh\/wp-content\/uploads\/photo-gallery\/imported_from_media_libray\/thumb\/Poste-Place-G-Tranoy-annees-2000.jpg?bwg=1654925140\"                   alt=\"Poste Place G Tranoy ann\u00e9es 2000\"                   title=\"Poste Place G Tranoy ann\u00e9es 2000\" \/>            <\/div>            <div class=\"bwg-zoom-effect-overlay\">              <div class=\"bwg-title1\"><div class=\"bwg-title2\">Poste Place G Tranoy ann\u00e9es 2000<\/div><\/div>                                        <\/div>          <\/div>        <\/div>                        <\/a>              <\/div>            <div class=\"bwg-item\">        <a class=\"bwg-a  bwg_lightbox\"  data-image-id=\"16\" href=\"https:\/\/iwuystoire.ovh\/wp-content\/uploads\/photo-gallery\/imported_from_media_libray\/Poste-Place-GTranoy-vers-2020.jpg?bwg=1654925140\" data-elementor-open-lightbox=\"no\">                <div class=\"bwg-item0 \">          <div class=\"bwg-item1 bwg-zoom-effect\">            <div class=\"bwg-item2\">              <img decoding=\"async\" class=\"skip-lazy bwg_standart_thumb_img_0 \"                   data-id=\"16\"                   data-width=\"500.00\"                   data-height=\"333.00\"                   data-src=\"https:\/\/iwuystoire.ovh\/wp-content\/uploads\/photo-gallery\/imported_from_media_libray\/thumb\/Poste-Place-GTranoy-vers-2020.jpg?bwg=1654925140\"                   src=\"https:\/\/iwuystoire.ovh\/wp-content\/uploads\/photo-gallery\/imported_from_media_libray\/thumb\/Poste-Place-GTranoy-vers-2020.jpg?bwg=1654925140\"                   alt=\"Poste Place GTranoy vers 2020\"                   title=\"Poste Place GTranoy vers 2020\" \/>            <\/div>            <div class=\"bwg-zoom-effect-overlay\">              <div class=\"bwg-title1\"><div class=\"bwg-title2\">Poste Place GTranoy vers 2020<\/div><\/div>                                        <\/div>          <\/div>        <\/div>                        <\/a>              <\/div>          <\/div>    <style>      \/*pagination styles*\/      #bwg_container1_0 #bwg_container2_0 .tablenav-pages_0 {\t\t\t\ttext-align: center;\t\t\t\tfont-size: 12px;\t\t\t\tfont-family: Ubuntu;\t\t\t\tfont-weight: bold;\t\t\t\tcolor: #666666;\t\t\t\tmargin: 6px 0 4px;\t\t\t\tdisplay: block;      }      @media only screen and (max-width : 320px) {      #bwg_container1_0 #bwg_container2_0 .displaying-num_0 {     \t display: none;      }      }      #bwg_container1_0 #bwg_container2_0 .displaying-num_0 {\t\t\t\tfont-size: 12px;\t\t\t\tfont-family: Ubuntu;\t\t\t\tfont-weight: bold;\t\t\t\tcolor: #666666;\t\t\t\tmargin-right: 10px;\t\t\t\tvertical-align: middle;      }      #bwg_container1_0 #bwg_container2_0 .paging-input_0 {\t\t\t\tfont-size: 12px;\t\t\t\tfont-family: Ubuntu;\t\t\t\tfont-weight: bold;\t\t\t\tcolor: #666666;\t\t\t\tvertical-align: middle;      }      #bwg_container1_0 #bwg_container2_0 .tablenav-pages_0 a.disabled,      #bwg_container1_0 #bwg_container2_0 .tablenav-pages_0 a.disabled:hover,      #bwg_container1_0 #bwg_container2_0 .tablenav-pages_0 a.disabled:focus,\t\t\t#bwg_container1_0 #bwg_container2_0 .tablenav-pages_0 input.bwg_current_page {\t\t\t\tcursor: default;\t\t\t\tcolor: rgba(102, 102, 102, 0.5);      }      #bwg_container1_0 #bwg_container2_0 .tablenav-pages_0 a,      #bwg_container1_0 #bwg_container2_0 .tablenav-pages_0 input.bwg_current_page {\t\t\t\tcursor: pointer;\t\t\t\ttext-align: center;\t\t\t\tfont-size: 12px;\t\t\t\tfont-family: Ubuntu;\t\t\t\tfont-weight: bold;\t\t\t\tcolor: #666666;\t\t\t\ttext-decoration: none;\t\t\t\tpadding: 3px 6px;\t\t\t\tmargin: 0;\t\t\t\tborder-radius: 0;\t\t\t\tborder-style: solid;\t\t\t\tborder-width: 1px;\t\t\t\tborder-color: #E3E3E3;\t\t\t\t\t\t\t\tbackground-color: rgba(255, 255, 255, 1.00);\t\t\t\tbox-shadow: 0;\t\t\t\ttransition: all 0.3s ease 0s;-webkit-transition: all 0.3s ease 0s;      }      <\/style>      <span class=\"bwg_nav_cont_0\">              <div class=\"tablenav-pages_0\">                  <\/div>                <input type=\"hidden\" id=\"page_number_0\" name=\"page_number_0\" value=\"1\" \/>      <script type=\"text\/javascript\">        if( jQuery('.bwg_nav_cont_0').length > 1 ) {          jQuery('.bwg_nav_cont_0').first().remove()        }        function spider_page_0(cur, x, y, load_more) {          if (typeof load_more == \"undefined\") {            var load_more = false;          }          if (jQuery(cur).hasClass('disabled')) {            return false;          }          var items_county_0 = 1;          switch (y) {            case 1:              if (x >= items_county_0) {                document.getElementById('page_number_0').value = items_county_0;              }              else {                document.getElementById('page_number_0').value = x + 1;              }              break;            case 2:              document.getElementById('page_number_0').value = items_county_0;              break;            case -1:              if (x == 1) {                document.getElementById('page_number_0').value = 1;              }              else {                document.getElementById('page_number_0').value = x - 1;              }              break;            case -2:              document.getElementById('page_number_0').value = 1;              break;\t\t\t\t\t\tcase 0:              document.getElementById('page_number_0').value = x;              break;            default:              document.getElementById('page_number_0').value = 1;          }          bwg_ajax('gal_front_form_0', '0', 'bwg_thumbnails_0', '0', '', 'gallery', 0, '', '', load_more, '', 1);        }                    jQuery('.first-page-0').on('click', function () {              spider_page_0(this, 1, -2, 'numeric');              return false;            });            jQuery('.prev-page-0').on('click', function () {              spider_page_0(this, 1, -1, 'numeric');              return false;            });            jQuery('.next-page-0').on('click', function () {              spider_page_0(this, 1, 1, 'numeric');              return false;            });            jQuery('.last-page-0').on('click', function () {              spider_page_0(this, 1, 2, 'numeric');              return false;            });        \t\t\t\t\/* Change page on input enter. *\/        function bwg_change_page_0( e, that ) {          if (  e.key == 'Enter' ) {            var to_page = parseInt(jQuery(that).val());            var pages_count = jQuery(that).parents(\".pagination-links\").data(\"pages-count\");            var current_url_param = jQuery(that).attr('data-url-info');            if (to_page > pages_count) {              to_page = 1;            }\t \t\t\t\t\t\t\t\t\t\t\t\tspider_page_0(this, to_page, 0, 'numeric');\t\t\t\t\t\t\treturn false;\t\t\t\t\t\t          }          return true;        }        jQuery('.bwg_load_btn_0').on('click', function () {            spider_page_0(this, 1, 1, true);            return false;        });      <\/script>      <\/span>                <\/div>        <\/form>        <style>          #bwg_container1_0 #bwg_container2_0 #spider_popup_overlay_0 {          background-color: #EEEEEE;          opacity: 0.60;          }          <\/style>        <div id=\"bwg_spider_popup_loading_0\" class=\"bwg_spider_popup_loading\"><\/div>        <div id=\"spider_popup_overlay_0\" class=\"spider_popup_overlay\" onclick=\"spider_destroypopup(1000)\"><\/div>        <input type=\"hidden\" id=\"bwg_random_seed_0\" value=\"676318031\">                <\/div>    <\/div>    <script>      if (document.readyState === 'complete') {        if( typeof bwg_main_ready == 'function' ) {          if ( jQuery(\"#bwg_container1_0\").height() ) {            bwg_main_ready(jQuery(\"#bwg_container1_0\"));          }        }      } else {        document.addEventListener('DOMContentLoaded', function() {          if( typeof bwg_main_ready == 'function' ) {            if ( jQuery(\"#bwg_container1_0\").height() ) {             bwg_main_ready(jQuery(\"#bwg_container1_0\"));            }          }        });      }    <\/script>    \n","protected":false},"excerpt":{"rendered":"<p>Histoire Il existe un bureau de Poste \u00e0 Iwuy depuis le 1er novembre 1845, il est situ\u00e9 \u00e0 l&#8217;origine au n\u00b0 15 de la rue de Rieux (aujourd&#8217;hui rue des martyrs). C&#8217;est une simple bo\u00eete aux lettres ou l&#8217;on d\u00e9pose son courrier, celui-ci transite ensuite par le bureau principal de Cambrai. Les timbres doivent \u00eatre &hellip;<\/p>\n<p class=\"read-more\"> <a class=\"\" href=\"https:\/\/iwuystoire.ovh\/index.php\/la-poste\/\"> <span class=\"screen-reader-text\">La poste<\/span> Lire la suite\u00a0\u00bb<\/a><\/p>\n","protected":false},"author":1,"featured_media":0,"parent":0,"menu_order":0,"comment_status":"closed","ping_status":"closed","template":"","meta":{"om_disable_all_campaigns":false,"_monsterinsights_skip_tracking":false,"_monsterinsights_sitenote_active":false,"_monsterinsights_sitenote_note":"","_monsterinsights_sitenote_category":0,"_uf_show_specific_survey":0,"_uf_disable_surveys":false,"site-sidebar-layout":"default","site-content-layout":"default","ast-global-header-display":"","ast-main-header-display":"","ast-hfb-above-header-display":"","ast-hfb-below-header-display":"","ast-hfb-mobile-header-display":"","site-post-title":"","ast-breadcrumbs-content":"","ast-featured-img":"","footer-sml-layout":"","theme-transparent-header-meta":"","adv-header-id-meta":"","stick-header-meta":"","header-above-stick-meta":"","header-main-stick-meta":"","header-below-stick-meta":"","ngg_post_thumbnail":0,"_ti_tpc_template_sync":false,"_ti_tpc_template_id":"","footnotes":""},"class_list":["post-421","page","type-page","status-publish","hentry"],"aioseo_notices":[],"_links":{"self":[{"href":"https:\/\/iwuystoire.ovh\/index.php\/wp-json\/wp\/v2\/pages\/421","targetHints":{"allow":["GET"]}}],"collection":[{"href":"https:\/\/iwuystoire.ovh\/index.php\/wp-json\/wp\/v2\/pages"}],"about":[{"href":"https:\/\/iwuystoire.ovh\/index.php\/wp-json\/wp\/v2\/types\/page"}],"author":[{"embeddable":true,"href":"https:\/\/iwuystoire.ovh\/index.php\/wp-json\/wp\/v2\/users\/1"}],"replies":[{"embeddable":true,"href":"https:\/\/iwuystoire.ovh\/index.php\/wp-json\/wp\/v2\/comments?post=421"}],"version-history":[{"count":3,"href":"https:\/\/iwuystoire.ovh\/index.php\/wp-json\/wp\/v2\/pages\/421\/revisions"}],"predecessor-version":[{"id":425,"href":"https:\/\/iwuystoire.ovh\/index.php\/wp-json\/wp\/v2\/pages\/421\/revisions\/425"}],"wp:attachment":[{"href":"https:\/\/iwuystoire.ovh\/index.php\/wp-json\/wp\/v2\/media?parent=421"}],"curies":[{"name":"wp","href":"https:\/\/api.w.org\/{rel}","templated":true}]}}