{"id":659,"date":"2022-06-16T22:23:27","date_gmt":"2022-06-16T20:23:27","guid":{"rendered":"https:\/\/iwuystoire.ovh\/?page_id=659"},"modified":"2022-06-16T22:23:27","modified_gmt":"2022-06-16T20:23:27","slug":"visite-champs-de-bataille-de-la-somme","status":"publish","type":"page","link":"https:\/\/iwuystoire.ovh\/index.php\/visite-champs-de-bataille-de-la-somme\/","title":{"rendered":"Visite champs de bataille de la Somme"},"content":{"rendered":"\n<figure class=\"wp-block-table\" style=\"font-size:18px\"><table class=\"has-ast-global-color-8-color has-text-color\"><tbody><tr><td>Sortie en bus, circuit du souvenir en Pays de Somme le 12 Novembre 2017<br><br><br><br>Nous organisons une sortie en pays de Somme ce 12 novembre 2017 pour visiter les mus\u00e9es de P\u00e9ronne et de Thiepval ayant pour th\u00e8me la bataille de la Somme (1916 &#8211; Premi\u00e8re Guerre Mondiale).<br>\u00a0<br><br>D\u00e9part et retour : Place de la R\u00e9publique \u00e0 Iwuy le 12 Novembre 2017 \u00e0 8H00 &#8211; retour 18h 00.<br>\u00a0<br><br>Programme : Visite guid\u00e9e de l&#8217;Historial de la Guerre 14\/18 de P\u00e9ronne<br>\u00a0<br><br>A 12h 00 : rendez vous au pied du Carillon de l&#8217; H\u00f4tel de Ville&#8230;&#8230;.<br>\u00a0<br><br>De 12h 00 \u00e0 13h 30 : D\u00e9jeuner libre, vous pouvez emporter votre pique-nique (une salle pique-nique est ouverte \u00e0 l&#8217; int\u00e9rieur du mus\u00e9e de P\u00e9ronne en cas de mauvais temps) ou profiter de la gastronomie locale dans une brasserie (nous nous occupons des r\u00e9servations).<br><br>\u00a0A 13h 45 : D\u00e9part pour le Circuit du Souvenir avec visite des champs de bataille et des hauts lieux<br>de m\u00e9moire de la Somme. Les commentaires seront assur\u00e9s par les b\u00e9n\u00e9voles de l&#8217; association.<br>\u00a0<br><br>Tarif comprenant l&#8217; aller retour en bus et l&#8217; acc\u00e8s aux mus\u00e9es de P\u00e9ronne (visite guid\u00e9e) et Thiepval (visite assur\u00e9e par nos soins) et visite des autres lieux de m\u00e9moire pour la journ\u00e9e du 12 novembre 2017. (Le prix du repas n&#8217; est pas inclu).<br><br>\u00a0<br><br>Prix pour 1 adulte : 22 \u20ac<br>\u00a0<br><br>Prix pour 1 jeune (jusque 16 ans) : 18 \u20ac<br>\u00a0\u00a0<br><br>Renseignements t\u00e9l\u00e9phoniques et r\u00e9servations : 06 12 25 66 59 &#8211; 06 27 53 27 09 &#8211; Mail : iwuystoire@gmx.fr<\/td><\/tr><\/tbody><\/table><\/figure>\n","protected":false},"excerpt":{"rendered":"<p>Sortie en bus, circuit du souvenir en Pays de Somme le 12 Novembre 2017 Nous organisons une sortie en pays de Somme ce 12 novembre 2017 pour visiter les mus\u00e9es de P\u00e9ronne et de Thiepval ayant pour th\u00e8me la bataille de la Somme (1916 &#8211; Premi\u00e8re Guerre Mondiale).\u00a0 D\u00e9part et retour : Place de la &hellip;<\/p>\n<p class=\"read-more\"> <a class=\"\" href=\"https:\/\/iwuystoire.ovh\/index.php\/visite-champs-de-bataille-de-la-somme\/\"> <span class=\"screen-reader-text\">Visite champs de bataille de la Somme<\/span> Lire la suite\u00a0\u00bb<\/a><\/p>\n","protected":false},"author":1,"featured_media":0,"parent":0,"menu_order":0,"comment_status":"closed","ping_status":"closed","template":"","meta":{"om_disable_all_campaigns":false,"_monsterinsights_skip_tracking":false,"_monsterinsights_sitenote_active":false,"_monsterinsights_sitenote_note":"","_monsterinsights_sitenote_category":0,"_uf_show_specific_survey":0,"_uf_disable_surveys":false,"site-sidebar-layout":"default","site-content-layout":"default","ast-global-header-display":"","ast-main-header-display":"","ast-hfb-above-header-display":"","ast-hfb-below-header-display":"","ast-hfb-mobile-header-display":"","site-post-title":"","ast-breadcrumbs-content":"","ast-featured-img":"","footer-sml-layout":"","theme-transparent-header-meta":"","adv-header-id-meta":"","stick-header-meta":"","header-above-stick-meta":"","header-main-stick-meta":"","header-below-stick-meta":"","ngg_post_thumbnail":0,"_ti_tpc_template_sync":false,"_ti_tpc_template_id":"","footnotes":""},"class_list":["post-659","page","type-page","status-publish","hentry"],"aioseo_notices":[],"_links":{"self":[{"href":"https:\/\/iwuystoire.ovh\/index.php\/wp-json\/wp\/v2\/pages\/659","targetHints":{"allow":["GET"]}}],"collection":[{"href":"https:\/\/iwuystoire.ovh\/index.php\/wp-json\/wp\/v2\/pages"}],"about":[{"href":"https:\/\/iwuystoire.ovh\/index.php\/wp-json\/wp\/v2\/types\/page"}],"author":[{"embeddable":true,"href":"https:\/\/iwuystoire.ovh\/index.php\/wp-json\/wp\/v2\/users\/1"}],"replies":[{"embeddable":true,"href":"https:\/\/iwuystoire.ovh\/index.php\/wp-json\/wp\/v2\/comments?post=659"}],"version-history":[{"count":1,"href":"https:\/\/iwuystoire.ovh\/index.php\/wp-json\/wp\/v2\/pages\/659\/revisions"}],"predecessor-version":[{"id":661,"href":"https:\/\/iwuystoire.ovh\/index.php\/wp-json\/wp\/v2\/pages\/659\/revisions\/661"}],"wp:attachment":[{"href":"https:\/\/iwuystoire.ovh\/index.php\/wp-json\/wp\/v2\/media?parent=659"}],"curies":[{"name":"wp","href":"https:\/\/api.w.org\/{rel}","templated":true}]}}