{"id":866,"date":"2024-07-09T19:02:56","date_gmt":"2024-07-09T17:02:56","guid":{"rendered":"https:\/\/iwuystoire.ovh\/?page_id=866"},"modified":"2024-07-18T19:46:46","modified_gmt":"2024-07-18T17:46:46","slug":"visite-des-militaires-du-1st-hussars-de-london-ontario","status":"publish","type":"page","link":"https:\/\/iwuystoire.ovh\/index.php\/visite-des-militaires-du-1st-hussars-de-london-ontario\/","title":{"rendered":"Visite des militaires du 1st Hussars de London Ontario (30 Avril 2024)"},"content":{"rendered":"\n<h2 class=\"wp-block-heading\"><\/h2>\n\n\n\n<figure class=\"wp-block-image size-full\"><img fetchpriority=\"high\" decoding=\"async\" width=\"1020\" height=\"553\" src=\"https:\/\/iwuystoire.ovh\/wp-content\/uploads\/2024\/07\/Colonel-Finney.jpg\" alt=\"\" class=\"wp-image-869\" srcset=\"https:\/\/iwuystoire.ovh\/wp-content\/uploads\/2024\/07\/Colonel-Finney.jpg 1020w, https:\/\/iwuystoire.ovh\/wp-content\/uploads\/2024\/07\/Colonel-Finney-300x163.jpg 300w, https:\/\/iwuystoire.ovh\/wp-content\/uploads\/2024\/07\/Colonel-Finney-768x416.jpg 768w\" sizes=\"(max-width: 1020px) 100vw, 1020px\" \/><figcaption class=\"wp-element-caption\">Le Colonel Alan Finney devant l&#8217;un des chars de son r\u00e9giment. Le 10 octobre 1918 le 1st Hussars \u00e9tait l&#8217;une des composantes de la                  cavalerie canadienne lors de la derni\u00e8re charge qui eut lieu \u00e0 Iwuy. De nos jour les chars ont remplac\u00e9 les chevaux.<\/figcaption><\/figure>\n\n\n\n<figure class=\"wp-block-gallery has-nested-images columns-default is-cropped wp-block-gallery-1 is-layout-flex wp-block-gallery-is-layout-flex\">\n<figure class=\"wp-block-image size-large\"><a href=\"https:\/\/iwuystoire.ovh\/wp-content\/uploads\/2024\/07\/IMG_8673_edited-scaled.jpg\"><img decoding=\"async\" width=\"1024\" height=\"552\" data-id=\"881\" src=\"https:\/\/iwuystoire.ovh\/wp-content\/uploads\/2024\/07\/IMG_8673_edited-1024x552.jpg\" alt=\"\" class=\"wp-image-881\" srcset=\"https:\/\/iwuystoire.ovh\/wp-content\/uploads\/2024\/07\/IMG_8673_edited-1024x552.jpg 1024w, https:\/\/iwuystoire.ovh\/wp-content\/uploads\/2024\/07\/IMG_8673_edited-300x162.jpg 300w, https:\/\/iwuystoire.ovh\/wp-content\/uploads\/2024\/07\/IMG_8673_edited-768x414.jpg 768w, https:\/\/iwuystoire.ovh\/wp-content\/uploads\/2024\/07\/IMG_8673_edited-1536x828.jpg 1536w, https:\/\/iwuystoire.ovh\/wp-content\/uploads\/2024\/07\/IMG_8673_edited-2048x1104.jpg 2048w\" sizes=\"(max-width: 1024px) 100vw, 1024px\" \/><\/a><figcaption class=\"wp-element-caption\">La salle attentive au diaporama expliquant la bataille d&#8217;Iwuy<\/figcaption><\/figure>\n\n\n\n<figure class=\"wp-block-image size-large\"><a href=\"https:\/\/iwuystoire.ovh\/wp-content\/uploads\/2024\/07\/IMG_8678_edited-scaled.jpg\"><img decoding=\"async\" width=\"683\" height=\"1024\" data-id=\"882\" src=\"https:\/\/iwuystoire.ovh\/wp-content\/uploads\/2024\/07\/IMG_8678_edited-683x1024.jpg\" alt=\"\" class=\"wp-image-882\" srcset=\"https:\/\/iwuystoire.ovh\/wp-content\/uploads\/2024\/07\/IMG_8678_edited-683x1024.jpg 683w, https:\/\/iwuystoire.ovh\/wp-content\/uploads\/2024\/07\/IMG_8678_edited-200x300.jpg 200w, https:\/\/iwuystoire.ovh\/wp-content\/uploads\/2024\/07\/IMG_8678_edited-768x1152.jpg 768w, https:\/\/iwuystoire.ovh\/wp-content\/uploads\/2024\/07\/IMG_8678_edited-1024x1536.jpg 1024w, https:\/\/iwuystoire.ovh\/wp-content\/uploads\/2024\/07\/IMG_8678_edited-1365x2048.jpg 1365w, https:\/\/iwuystoire.ovh\/wp-content\/uploads\/2024\/07\/IMG_8678_edited-scaled.jpg 1707w\" sizes=\"(max-width: 683px) 100vw, 683px\" \/><\/a><figcaption class=\"wp-element-caption\">Le Colonel Alan Finney et M le Maire d&#8217;Iwuy Daniel Poteau<\/figcaption><\/figure>\n\n\n\n<figure class=\"wp-block-image size-large\"><a href=\"https:\/\/iwuystoire.ovh\/wp-content\/uploads\/2024\/07\/IMG_8749_edited-scaled.jpg\"><img loading=\"lazy\" decoding=\"async\" width=\"683\" height=\"1024\" data-id=\"885\" src=\"https:\/\/iwuystoire.ovh\/wp-content\/uploads\/2024\/07\/IMG_8749_edited-683x1024.jpg\" alt=\"\" class=\"wp-image-885\" srcset=\"https:\/\/iwuystoire.ovh\/wp-content\/uploads\/2024\/07\/IMG_8749_edited-683x1024.jpg 683w, https:\/\/iwuystoire.ovh\/wp-content\/uploads\/2024\/07\/IMG_8749_edited-200x300.jpg 200w, https:\/\/iwuystoire.ovh\/wp-content\/uploads\/2024\/07\/IMG_8749_edited-768x1152.jpg 768w, https:\/\/iwuystoire.ovh\/wp-content\/uploads\/2024\/07\/IMG_8749_edited-1024x1536.jpg 1024w, https:\/\/iwuystoire.ovh\/wp-content\/uploads\/2024\/07\/IMG_8749_edited-1365x2048.jpg 1365w, https:\/\/iwuystoire.ovh\/wp-content\/uploads\/2024\/07\/IMG_8749_edited-scaled.jpg 1707w\" sizes=\"(max-width: 683px) 100vw, 683px\" \/><\/a><figcaption class=\"wp-element-caption\">Le Colonel Finney recevant les clefs de la ville d&#8217;Iwuy<\/figcaption><\/figure>\n\n\n\n<figure class=\"wp-block-image size-large\"><a href=\"https:\/\/iwuystoire.ovh\/wp-content\/uploads\/2024\/07\/IMG_8756_edited-scaled.jpg\"><img loading=\"lazy\" decoding=\"async\" width=\"683\" height=\"1024\" data-id=\"887\" src=\"https:\/\/iwuystoire.ovh\/wp-content\/uploads\/2024\/07\/IMG_8756_edited-683x1024.jpg\" alt=\"\" class=\"wp-image-887\" srcset=\"https:\/\/iwuystoire.ovh\/wp-content\/uploads\/2024\/07\/IMG_8756_edited-683x1024.jpg 683w, https:\/\/iwuystoire.ovh\/wp-content\/uploads\/2024\/07\/IMG_8756_edited-200x300.jpg 200w, https:\/\/iwuystoire.ovh\/wp-content\/uploads\/2024\/07\/IMG_8756_edited-768x1152.jpg 768w, https:\/\/iwuystoire.ovh\/wp-content\/uploads\/2024\/07\/IMG_8756_edited-1024x1536.jpg 1024w, https:\/\/iwuystoire.ovh\/wp-content\/uploads\/2024\/07\/IMG_8756_edited-1365x2048.jpg 1365w, https:\/\/iwuystoire.ovh\/wp-content\/uploads\/2024\/07\/IMG_8756_edited-scaled.jpg 1707w\" sizes=\"(max-width: 683px) 100vw, 683px\" \/><\/a><figcaption class=\"wp-element-caption\">Remerciements de la part des membres du 1st Hussars<\/figcaption><\/figure>\n\n\n\n<figure class=\"wp-block-image size-large\"><a href=\"https:\/\/iwuystoire.ovh\/wp-content\/uploads\/2024\/07\/IMG_8752_edited-scaled.jpg\"><img loading=\"lazy\" decoding=\"async\" width=\"683\" height=\"1024\" data-id=\"886\" src=\"https:\/\/iwuystoire.ovh\/wp-content\/uploads\/2024\/07\/IMG_8752_edited-683x1024.jpg\" alt=\"\" class=\"wp-image-886\" srcset=\"https:\/\/iwuystoire.ovh\/wp-content\/uploads\/2024\/07\/IMG_8752_edited-683x1024.jpg 683w, https:\/\/iwuystoire.ovh\/wp-content\/uploads\/2024\/07\/IMG_8752_edited-200x300.jpg 200w, https:\/\/iwuystoire.ovh\/wp-content\/uploads\/2024\/07\/IMG_8752_edited-768x1152.jpg 768w, https:\/\/iwuystoire.ovh\/wp-content\/uploads\/2024\/07\/IMG_8752_edited-1024x1536.jpg 1024w, https:\/\/iwuystoire.ovh\/wp-content\/uploads\/2024\/07\/IMG_8752_edited-1365x2048.jpg 1365w, https:\/\/iwuystoire.ovh\/wp-content\/uploads\/2024\/07\/IMG_8752_edited-scaled.jpg 1707w\" sizes=\"(max-width: 683px) 100vw, 683px\" \/><\/a><figcaption class=\"wp-element-caption\">Le Colonel Finney et Daniel Poteau<\/figcaption><\/figure>\n\n\n\n<figure class=\"wp-block-image size-large\"><a href=\"https:\/\/iwuystoire.ovh\/wp-content\/uploads\/2024\/07\/IMG_8758_edited-scaled.jpg\"><img loading=\"lazy\" decoding=\"async\" width=\"1024\" height=\"436\" data-id=\"889\" src=\"https:\/\/iwuystoire.ovh\/wp-content\/uploads\/2024\/07\/IMG_8758_edited-1024x436.jpg\" alt=\"\" class=\"wp-image-889\" srcset=\"https:\/\/iwuystoire.ovh\/wp-content\/uploads\/2024\/07\/IMG_8758_edited-1024x436.jpg 1024w, https:\/\/iwuystoire.ovh\/wp-content\/uploads\/2024\/07\/IMG_8758_edited-300x128.jpg 300w, https:\/\/iwuystoire.ovh\/wp-content\/uploads\/2024\/07\/IMG_8758_edited-768x327.jpg 768w, https:\/\/iwuystoire.ovh\/wp-content\/uploads\/2024\/07\/IMG_8758_edited-1536x654.jpg 1536w, https:\/\/iwuystoire.ovh\/wp-content\/uploads\/2024\/07\/IMG_8758_edited-2048x872.jpg 2048w, https:\/\/iwuystoire.ovh\/wp-content\/uploads\/2024\/07\/IMG_8758_edited-scaled-400x171.jpg 400w\" sizes=\"(max-width: 1024px) 100vw, 1024px\" \/><\/a><figcaption class=\"wp-element-caption\">Les Canadiens du 1st Hussars et les membres d&#8217;Iwuystoire<\/figcaption><\/figure>\n\n\n\n<figure class=\"wp-block-image size-large\"><a href=\"https:\/\/iwuystoire.ovh\/wp-content\/uploads\/2024\/07\/IMG_8766_edited-scaled.jpg\"><img loading=\"lazy\" decoding=\"async\" width=\"1024\" height=\"508\" data-id=\"890\" src=\"https:\/\/iwuystoire.ovh\/wp-content\/uploads\/2024\/07\/IMG_8766_edited-1024x508.jpg\" alt=\"\" class=\"wp-image-890\" srcset=\"https:\/\/iwuystoire.ovh\/wp-content\/uploads\/2024\/07\/IMG_8766_edited-1024x508.jpg 1024w, https:\/\/iwuystoire.ovh\/wp-content\/uploads\/2024\/07\/IMG_8766_edited-300x149.jpg 300w, https:\/\/iwuystoire.ovh\/wp-content\/uploads\/2024\/07\/IMG_8766_edited-768x381.jpg 768w, https:\/\/iwuystoire.ovh\/wp-content\/uploads\/2024\/07\/IMG_8766_edited-1536x762.jpg 1536w, https:\/\/iwuystoire.ovh\/wp-content\/uploads\/2024\/07\/IMG_8766_edited-2048x1016.jpg 2048w\" sizes=\"(max-width: 1024px) 100vw, 1024px\" \/><\/a><figcaption class=\"wp-element-caption\">Une autre vue de l&#8217;assembl\u00e9e<\/figcaption><\/figure>\n\n\n\n<figure class=\"wp-block-image size-large\"><a href=\"https:\/\/iwuystoire.ovh\/wp-content\/uploads\/2024\/07\/IMG_8786_edited-scaled.jpg\"><img loading=\"lazy\" decoding=\"async\" width=\"1024\" height=\"683\" data-id=\"893\" src=\"https:\/\/iwuystoire.ovh\/wp-content\/uploads\/2024\/07\/IMG_8786_edited-1024x683.jpg\" alt=\"\" class=\"wp-image-893\" srcset=\"https:\/\/iwuystoire.ovh\/wp-content\/uploads\/2024\/07\/IMG_8786_edited-1024x683.jpg 1024w, https:\/\/iwuystoire.ovh\/wp-content\/uploads\/2024\/07\/IMG_8786_edited-300x200.jpg 300w, https:\/\/iwuystoire.ovh\/wp-content\/uploads\/2024\/07\/IMG_8786_edited-768x512.jpg 768w, https:\/\/iwuystoire.ovh\/wp-content\/uploads\/2024\/07\/IMG_8786_edited-1536x1024.jpg 1536w, https:\/\/iwuystoire.ovh\/wp-content\/uploads\/2024\/07\/IMG_8786_edited-2048x1365.jpg 2048w\" sizes=\"(max-width: 1024px) 100vw, 1024px\" \/><\/a><figcaption class=\"wp-element-caption\">D\u00e9p\u00f4t d&#8217;une gerbe au cimeti\u00e8re Niagara<\/figcaption><\/figure>\n\n\n\n<figure class=\"wp-block-image size-large\"><a href=\"https:\/\/iwuystoire.ovh\/wp-content\/uploads\/2024\/07\/IMG_8771_edited-scaled.jpg\"><img loading=\"lazy\" decoding=\"async\" width=\"1024\" height=\"555\" data-id=\"891\" src=\"https:\/\/iwuystoire.ovh\/wp-content\/uploads\/2024\/07\/IMG_8771_edited-1024x555.jpg\" alt=\"\" class=\"wp-image-891\" srcset=\"https:\/\/iwuystoire.ovh\/wp-content\/uploads\/2024\/07\/IMG_8771_edited-1024x555.jpg 1024w, https:\/\/iwuystoire.ovh\/wp-content\/uploads\/2024\/07\/IMG_8771_edited-300x163.jpg 300w, https:\/\/iwuystoire.ovh\/wp-content\/uploads\/2024\/07\/IMG_8771_edited-768x416.jpg 768w, https:\/\/iwuystoire.ovh\/wp-content\/uploads\/2024\/07\/IMG_8771_edited-1536x832.jpg 1536w, https:\/\/iwuystoire.ovh\/wp-content\/uploads\/2024\/07\/IMG_8771_edited-2048x1110.jpg 2048w\" sizes=\"(max-width: 1024px) 100vw, 1024px\" \/><\/a><figcaption class=\"wp-element-caption\">Hommage au cimeti\u00e8re Niagara<\/figcaption><\/figure>\n<\/figure>\n\n\n\n<div style=\"height:25px\" aria-hidden=\"true\" class=\"wp-block-spacer\"><\/div>\n\n\n\n<h2 class=\"wp-block-heading has-text-align-center has-ast-global-color-8-color has-text-color has-link-color wp-elements-fc8bb2260bae9dacc05c9c694bde0197\"><strong>La presse en parle (article de Cambrai m\u00e9tropole Mai 2024)<\/strong><\/h2>\n\n\n\n<figure class=\"wp-block-image size-large\"><img loading=\"lazy\" decoding=\"async\" width=\"1024\" height=\"681\" src=\"https:\/\/iwuystoire.ovh\/wp-content\/uploads\/2024\/07\/Canadiens-1024x681.jpg\" alt=\"\" class=\"wp-image-1100\" srcset=\"https:\/\/iwuystoire.ovh\/wp-content\/uploads\/2024\/07\/Canadiens-1024x681.jpg 1024w, https:\/\/iwuystoire.ovh\/wp-content\/uploads\/2024\/07\/Canadiens-300x199.jpg 300w, https:\/\/iwuystoire.ovh\/wp-content\/uploads\/2024\/07\/Canadiens-768x511.jpg 768w, https:\/\/iwuystoire.ovh\/wp-content\/uploads\/2024\/07\/Canadiens.jpg 1026w\" sizes=\"(max-width: 1024px) 100vw, 1024px\" \/><\/figure>\n\n\n\n<div style=\"height:100px\" aria-hidden=\"true\" class=\"wp-block-spacer\"><\/div>\n","protected":false},"excerpt":{"rendered":"<p>La presse en parle (article de Cambrai m\u00e9tropole Mai 2024)<\/p>\n","protected":false},"author":1,"featured_media":0,"parent":0,"menu_order":0,"comment_status":"closed","ping_status":"closed","template":"","meta":{"om_disable_all_campaigns":false,"_monsterinsights_skip_tracking":false,"_monsterinsights_sitenote_active":false,"_monsterinsights_sitenote_note":"","_monsterinsights_sitenote_category":0,"_uf_show_specific_survey":0,"_uf_disable_surveys":false,"site-sidebar-layout":"default","site-content-layout":"default","ast-global-header-display":"","ast-main-header-display":"","ast-hfb-above-header-display":"","ast-hfb-below-header-display":"","ast-hfb-mobile-header-display":"","site-post-title":"","ast-breadcrumbs-content":"","ast-featured-img":"","footer-sml-layout":"","theme-transparent-header-meta":"","adv-header-id-meta":"","stick-header-meta":"","header-above-stick-meta":"","header-main-stick-meta":"","header-below-stick-meta":"","ngg_post_thumbnail":0,"_ti_tpc_template_sync":false,"_ti_tpc_template_id":"","footnotes":""},"class_list":["post-866","page","type-page","status-publish","hentry"],"aioseo_notices":[],"_links":{"self":[{"href":"https:\/\/iwuystoire.ovh\/index.php\/wp-json\/wp\/v2\/pages\/866","targetHints":{"allow":["GET"]}}],"collection":[{"href":"https:\/\/iwuystoire.ovh\/index.php\/wp-json\/wp\/v2\/pages"}],"about":[{"href":"https:\/\/iwuystoire.ovh\/index.php\/wp-json\/wp\/v2\/types\/page"}],"author":[{"embeddable":true,"href":"https:\/\/iwuystoire.ovh\/index.php\/wp-json\/wp\/v2\/users\/1"}],"replies":[{"embeddable":true,"href":"https:\/\/iwuystoire.ovh\/index.php\/wp-json\/wp\/v2\/comments?post=866"}],"version-history":[{"count":3,"href":"https:\/\/iwuystoire.ovh\/index.php\/wp-json\/wp\/v2\/pages\/866\/revisions"}],"predecessor-version":[{"id":1102,"href":"https:\/\/iwuystoire.ovh\/index.php\/wp-json\/wp\/v2\/pages\/866\/revisions\/1102"}],"wp:attachment":[{"href":"https:\/\/iwuystoire.ovh\/index.php\/wp-json\/wp\/v2\/media?parent=866"}],"curies":[{"name":"wp","href":"https:\/\/api.w.org\/{rel}","templated":true}]}}