{"id":936,"date":"2024-07-10T22:03:26","date_gmt":"2024-07-10T20:03:26","guid":{"rendered":"https:\/\/iwuystoire.ovh\/?page_id=936"},"modified":"2024-07-11T08:29:42","modified_gmt":"2024-07-11T06:29:42","slug":"des-etudiants-de-luniversite-de-pennsylvanie-en-visite-a-iwuy-21-mai-2024","status":"publish","type":"page","link":"https:\/\/iwuystoire.ovh\/index.php\/des-etudiants-de-luniversite-de-pennsylvanie-en-visite-a-iwuy-21-mai-2024\/","title":{"rendered":"Des \u00e9tudiants de l&#8217;Universit\u00e9 de Pennsylvanie en visite \u00e0 Iwuy (21 mai 2024)"},"content":{"rendered":"\n<div class=\"wp-block-media-text alignwide is-stacked-on-mobile is-vertically-aligned-center\"><figure class=\"wp-block-media-text__media\"><img fetchpriority=\"high\" decoding=\"async\" width=\"1024\" height=\"681\" src=\"https:\/\/iwuystoire.ovh\/wp-content\/uploads\/2024\/07\/DSC_0057-1024x681.jpg\" alt=\"\" class=\"wp-image-938 size-full\" srcset=\"https:\/\/iwuystoire.ovh\/wp-content\/uploads\/2024\/07\/DSC_0057-1024x681.jpg 1024w, https:\/\/iwuystoire.ovh\/wp-content\/uploads\/2024\/07\/DSC_0057-300x199.jpg 300w, https:\/\/iwuystoire.ovh\/wp-content\/uploads\/2024\/07\/DSC_0057-768x511.jpg 768w, https:\/\/iwuystoire.ovh\/wp-content\/uploads\/2024\/07\/DSC_0057-1536x1021.jpg 1536w, https:\/\/iwuystoire.ovh\/wp-content\/uploads\/2024\/07\/DSC_0057-2048x1362.jpg 2048w\" sizes=\"(max-width: 1024px) 100vw, 1024px\" \/><\/figure><div class=\"wp-block-media-text__content\">\n<p class=\"has-text-align-left\">Le 21 mai 2024, M Warren Breckmann, professeur d&#8217;histoire \u00e0 l&#8217;Universit\u00e9 de Pennsylvanie (Philadelphie), nous a rendu visite avec une quinzaine d&#8217;\u00e9tudiants am\u00e9ricains. Ces jeunes gens visitaient les champs de bataille de la premi\u00e8re guerre mondiale dont celui d&#8217;Iwuy. C&#8217;est la troisi\u00e8me fois que Warren nous rend visite, la premi\u00e8re fois pour le centenaire de la Bataille d&#8217;Iwuy en 2018, la seconde en 2022 avec un autre groupe d&#8217;\u00e9tudiants. Le professeur Breckmann montre un profond int\u00e9r\u00eat pour la derni\u00e8re charge de la cavalerie canadienne \u00e0 laquelle participa son grand p\u00e8re, George Hambley dont la photo figure sur le m\u00e9morial situ\u00e9 sur la place de la r\u00e9publique.<\/p>\n<\/div><\/div>\n\n\n\n<div style=\"height:100px\" aria-hidden=\"true\" class=\"wp-block-spacer\"><\/div>\n\n\n\n<figure class=\"wp-block-image aligncenter size-large\"><img decoding=\"async\" width=\"1024\" height=\"681\" src=\"https:\/\/iwuystoire.ovh\/wp-content\/uploads\/2024\/07\/DSC_0055-1024x681.jpg\" alt=\"\" class=\"wp-image-948\" srcset=\"https:\/\/iwuystoire.ovh\/wp-content\/uploads\/2024\/07\/DSC_0055-1024x681.jpg 1024w, https:\/\/iwuystoire.ovh\/wp-content\/uploads\/2024\/07\/DSC_0055-300x199.jpg 300w, https:\/\/iwuystoire.ovh\/wp-content\/uploads\/2024\/07\/DSC_0055-768x511.jpg 768w, https:\/\/iwuystoire.ovh\/wp-content\/uploads\/2024\/07\/DSC_0055-1536x1021.jpg 1536w, https:\/\/iwuystoire.ovh\/wp-content\/uploads\/2024\/07\/DSC_0055-2048x1362.jpg 2048w\" sizes=\"(max-width: 1024px) 100vw, 1024px\" \/><figcaption class=\"wp-element-caption\"><strong>Warren \u00e0 droite et Michel \u00e0 gauche devant la plaque comm\u00e9morant la Bataille d&#8217;Iwuy sur laquelle figure la photo du cavalier George Hambley, grand p\u00e8re de Warren (21 mai 2024).<\/strong><\/figcaption><\/figure>\n\n\n\n<figure class=\"wp-block-gallery has-nested-images columns-default is-cropped wp-block-gallery-1 is-layout-flex wp-block-gallery-is-layout-flex\">\n<figure class=\"wp-block-image size-large\"><a href=\"https:\/\/iwuystoire.ovh\/wp-content\/uploads\/2024\/07\/IMG_0117_edited-scaled.jpg\"><img decoding=\"async\" width=\"683\" height=\"1024\" data-id=\"949\" src=\"https:\/\/iwuystoire.ovh\/wp-content\/uploads\/2024\/07\/IMG_0117_edited-683x1024.jpg\" alt=\"\" class=\"wp-image-949\" srcset=\"https:\/\/iwuystoire.ovh\/wp-content\/uploads\/2024\/07\/IMG_0117_edited-683x1024.jpg 683w, https:\/\/iwuystoire.ovh\/wp-content\/uploads\/2024\/07\/IMG_0117_edited-200x300.jpg 200w, https:\/\/iwuystoire.ovh\/wp-content\/uploads\/2024\/07\/IMG_0117_edited-768x1152.jpg 768w, https:\/\/iwuystoire.ovh\/wp-content\/uploads\/2024\/07\/IMG_0117_edited-1024x1536.jpg 1024w, https:\/\/iwuystoire.ovh\/wp-content\/uploads\/2024\/07\/IMG_0117_edited-1365x2048.jpg 1365w, https:\/\/iwuystoire.ovh\/wp-content\/uploads\/2024\/07\/IMG_0117_edited-scaled.jpg 1707w\" sizes=\"(max-width: 683px) 100vw, 683px\" \/><\/a><\/figure>\n\n\n\n<figure class=\"wp-block-image size-large\"><a href=\"https:\/\/iwuystoire.ovh\/wp-content\/uploads\/2024\/07\/IMG_0100_edited-scaled.jpg\"><img loading=\"lazy\" decoding=\"async\" width=\"1024\" height=\"683\" data-id=\"950\" src=\"https:\/\/iwuystoire.ovh\/wp-content\/uploads\/2024\/07\/IMG_0100_edited-1024x683.jpg\" alt=\"\" class=\"wp-image-950\" srcset=\"https:\/\/iwuystoire.ovh\/wp-content\/uploads\/2024\/07\/IMG_0100_edited-1024x683.jpg 1024w, https:\/\/iwuystoire.ovh\/wp-content\/uploads\/2024\/07\/IMG_0100_edited-300x200.jpg 300w, https:\/\/iwuystoire.ovh\/wp-content\/uploads\/2024\/07\/IMG_0100_edited-768x512.jpg 768w, https:\/\/iwuystoire.ovh\/wp-content\/uploads\/2024\/07\/IMG_0100_edited-1536x1024.jpg 1536w, https:\/\/iwuystoire.ovh\/wp-content\/uploads\/2024\/07\/IMG_0100_edited-2048x1365.jpg 2048w\" sizes=\"(max-width: 1024px) 100vw, 1024px\" \/><\/a><\/figure>\n\n\n\n<figure class=\"wp-block-image size-large\"><a href=\"https:\/\/iwuystoire.ovh\/wp-content\/uploads\/2024\/07\/IMG_0103_edited-scaled.jpg\"><img loading=\"lazy\" decoding=\"async\" width=\"1024\" height=\"683\" data-id=\"951\" src=\"https:\/\/iwuystoire.ovh\/wp-content\/uploads\/2024\/07\/IMG_0103_edited-1024x683.jpg\" alt=\"\" class=\"wp-image-951\" srcset=\"https:\/\/iwuystoire.ovh\/wp-content\/uploads\/2024\/07\/IMG_0103_edited-1024x683.jpg 1024w, https:\/\/iwuystoire.ovh\/wp-content\/uploads\/2024\/07\/IMG_0103_edited-300x200.jpg 300w, https:\/\/iwuystoire.ovh\/wp-content\/uploads\/2024\/07\/IMG_0103_edited-768x512.jpg 768w, https:\/\/iwuystoire.ovh\/wp-content\/uploads\/2024\/07\/IMG_0103_edited-1536x1024.jpg 1536w, https:\/\/iwuystoire.ovh\/wp-content\/uploads\/2024\/07\/IMG_0103_edited-2048x1365.jpg 2048w\" sizes=\"(max-width: 1024px) 100vw, 1024px\" \/><\/a><\/figure>\n\n\n\n<figure class=\"wp-block-image size-large\"><a href=\"https:\/\/iwuystoire.ovh\/wp-content\/uploads\/2024\/07\/DSC_0057-1-scaled.jpg\"><img loading=\"lazy\" decoding=\"async\" width=\"1024\" height=\"681\" data-id=\"945\" src=\"https:\/\/iwuystoire.ovh\/wp-content\/uploads\/2024\/07\/DSC_0057-1-1024x681.jpg\" alt=\"\" class=\"wp-image-945\" srcset=\"https:\/\/iwuystoire.ovh\/wp-content\/uploads\/2024\/07\/DSC_0057-1-1024x681.jpg 1024w, https:\/\/iwuystoire.ovh\/wp-content\/uploads\/2024\/07\/DSC_0057-1-300x199.jpg 300w, https:\/\/iwuystoire.ovh\/wp-content\/uploads\/2024\/07\/DSC_0057-1-768x511.jpg 768w, https:\/\/iwuystoire.ovh\/wp-content\/uploads\/2024\/07\/DSC_0057-1-1536x1021.jpg 1536w, https:\/\/iwuystoire.ovh\/wp-content\/uploads\/2024\/07\/DSC_0057-1-2048x1362.jpg 2048w\" sizes=\"(max-width: 1024px) 100vw, 1024px\" \/><\/a><\/figure>\n\n\n\n<figure class=\"wp-block-image size-large\"><a href=\"https:\/\/iwuystoire.ovh\/wp-content\/uploads\/2024\/07\/IMG_0162_edited-scaled.jpg\"><img loading=\"lazy\" decoding=\"async\" width=\"1024\" height=\"683\" data-id=\"953\" src=\"https:\/\/iwuystoire.ovh\/wp-content\/uploads\/2024\/07\/IMG_0162_edited-1024x683.jpg\" alt=\"\" class=\"wp-image-953\" srcset=\"https:\/\/iwuystoire.ovh\/wp-content\/uploads\/2024\/07\/IMG_0162_edited-1024x683.jpg 1024w, https:\/\/iwuystoire.ovh\/wp-content\/uploads\/2024\/07\/IMG_0162_edited-300x200.jpg 300w, https:\/\/iwuystoire.ovh\/wp-content\/uploads\/2024\/07\/IMG_0162_edited-768x512.jpg 768w, https:\/\/iwuystoire.ovh\/wp-content\/uploads\/2024\/07\/IMG_0162_edited-1536x1024.jpg 1536w, https:\/\/iwuystoire.ovh\/wp-content\/uploads\/2024\/07\/IMG_0162_edited-2048x1365.jpg 2048w\" sizes=\"(max-width: 1024px) 100vw, 1024px\" \/><\/a><\/figure>\n\n\n\n<figure class=\"wp-block-image size-large\"><a href=\"https:\/\/iwuystoire.ovh\/wp-content\/uploads\/2024\/07\/IMG_0137_edited-scaled.jpg\"><img loading=\"lazy\" decoding=\"async\" width=\"1024\" height=\"683\" data-id=\"952\" src=\"https:\/\/iwuystoire.ovh\/wp-content\/uploads\/2024\/07\/IMG_0137_edited-1024x683.jpg\" alt=\"\" class=\"wp-image-952\" srcset=\"https:\/\/iwuystoire.ovh\/wp-content\/uploads\/2024\/07\/IMG_0137_edited-1024x683.jpg 1024w, https:\/\/iwuystoire.ovh\/wp-content\/uploads\/2024\/07\/IMG_0137_edited-300x200.jpg 300w, https:\/\/iwuystoire.ovh\/wp-content\/uploads\/2024\/07\/IMG_0137_edited-768x512.jpg 768w, https:\/\/iwuystoire.ovh\/wp-content\/uploads\/2024\/07\/IMG_0137_edited-1536x1024.jpg 1536w, https:\/\/iwuystoire.ovh\/wp-content\/uploads\/2024\/07\/IMG_0137_edited-2048x1365.jpg 2048w\" sizes=\"(max-width: 1024px) 100vw, 1024px\" \/><\/a><\/figure>\n\n\n\n<figure class=\"wp-block-image size-large\"><a href=\"https:\/\/iwuystoire.ovh\/wp-content\/uploads\/2024\/07\/IMG_0060_edited-scaled.jpg\"><img loading=\"lazy\" decoding=\"async\" width=\"1024\" height=\"399\" data-id=\"947\" src=\"https:\/\/iwuystoire.ovh\/wp-content\/uploads\/2024\/07\/IMG_0060_edited-1024x399.jpg\" alt=\"\" class=\"wp-image-947\" srcset=\"https:\/\/iwuystoire.ovh\/wp-content\/uploads\/2024\/07\/IMG_0060_edited-1024x399.jpg 1024w, https:\/\/iwuystoire.ovh\/wp-content\/uploads\/2024\/07\/IMG_0060_edited-300x117.jpg 300w, https:\/\/iwuystoire.ovh\/wp-content\/uploads\/2024\/07\/IMG_0060_edited-768x299.jpg 768w, https:\/\/iwuystoire.ovh\/wp-content\/uploads\/2024\/07\/IMG_0060_edited-1536x598.jpg 1536w, https:\/\/iwuystoire.ovh\/wp-content\/uploads\/2024\/07\/IMG_0060_edited-2048x797.jpg 2048w\" sizes=\"(max-width: 1024px) 100vw, 1024px\" \/><\/a><\/figure>\n\n\n\n<figure class=\"wp-block-image size-large\"><a href=\"https:\/\/iwuystoire.ovh\/wp-content\/uploads\/2024\/07\/DSC_0048-scaled.jpg\"><img loading=\"lazy\" decoding=\"async\" width=\"1024\" height=\"681\" data-id=\"946\" src=\"https:\/\/iwuystoire.ovh\/wp-content\/uploads\/2024\/07\/DSC_0048-1024x681.jpg\" alt=\"\" class=\"wp-image-946\" srcset=\"https:\/\/iwuystoire.ovh\/wp-content\/uploads\/2024\/07\/DSC_0048-1024x681.jpg 1024w, https:\/\/iwuystoire.ovh\/wp-content\/uploads\/2024\/07\/DSC_0048-300x199.jpg 300w, https:\/\/iwuystoire.ovh\/wp-content\/uploads\/2024\/07\/DSC_0048-768x511.jpg 768w, https:\/\/iwuystoire.ovh\/wp-content\/uploads\/2024\/07\/DSC_0048-1536x1021.jpg 1536w, https:\/\/iwuystoire.ovh\/wp-content\/uploads\/2024\/07\/DSC_0048-2048x1362.jpg 2048w\" sizes=\"(max-width: 1024px) 100vw, 1024px\" \/><\/a><\/figure>\n\n\n\n<figure class=\"wp-block-image size-large\"><a href=\"https:\/\/iwuystoire.ovh\/wp-content\/uploads\/2024\/07\/DSC_0066.jpg\"><img decoding=\"async\" data-id=\"943\" src=\"https:\/\/iwuystoire.ovh\/wp-content\/uploads\/2024\/07\/DSC_0066.jpg\" alt=\"\" class=\"wp-image-943\"\/><\/a><\/figure>\n\n\n\n<figure class=\"wp-block-image size-large\"><a href=\"https:\/\/iwuystoire.ovh\/wp-content\/uploads\/2024\/07\/IMG_0129_edited.jpg\"><img decoding=\"async\" data-id=\"941\" src=\"https:\/\/iwuystoire.ovh\/wp-content\/uploads\/2024\/07\/IMG_0129_edited.jpg\" alt=\"\" class=\"wp-image-941\"\/><\/a><\/figure>\n\n\n\n<figure class=\"wp-block-image size-large\"><a href=\"https:\/\/iwuystoire.ovh\/wp-content\/uploads\/2024\/07\/IMG_0113_edited-scaled.jpg\"><img loading=\"lazy\" decoding=\"async\" width=\"1024\" height=\"659\" data-id=\"940\" src=\"https:\/\/iwuystoire.ovh\/wp-content\/uploads\/2024\/07\/IMG_0113_edited-1024x659.jpg\" alt=\"\" class=\"wp-image-940\" srcset=\"https:\/\/iwuystoire.ovh\/wp-content\/uploads\/2024\/07\/IMG_0113_edited-1024x659.jpg 1024w, https:\/\/iwuystoire.ovh\/wp-content\/uploads\/2024\/07\/IMG_0113_edited-300x193.jpg 300w, https:\/\/iwuystoire.ovh\/wp-content\/uploads\/2024\/07\/IMG_0113_edited-768x494.jpg 768w\" sizes=\"(max-width: 1024px) 100vw, 1024px\" \/><\/a><\/figure>\n\n\n\n<figure class=\"wp-block-image size-large\"><a href=\"https:\/\/iwuystoire.ovh\/wp-content\/uploads\/2024\/07\/IMG_0168_edited-scaled.jpg\"><img loading=\"lazy\" decoding=\"async\" width=\"2560\" height=\"1707\" data-id=\"942\" src=\"https:\/\/iwuystoire.ovh\/wp-content\/uploads\/2024\/07\/IMG_0168_edited-scaled.jpg\" alt=\"\" class=\"wp-image-942\"\/><\/a><\/figure>\n<\/figure>\n\n\n\n<h2 class=\"wp-block-heading has-text-align-center\">Le groupe avec quelques b\u00e9n\u00e9voles devant le m\u00e9morial de la &#8220;Derni\u00e8re charge de la Cavalerie Canadienne&#8221; et en visite chez les G\u00e9ants d&#8217;Iwuy (avec Pascal Gustin)<\/h2>\n\n\n\n<figure class=\"wp-block-gallery has-nested-images columns-default is-cropped wp-block-gallery-2 is-layout-flex wp-block-gallery-is-layout-flex\">\n<figure class=\"wp-block-image size-large\"><a href=\"https:\/\/iwuystoire.ovh\/wp-content\/uploads\/2024\/07\/Americains-mai-2024-memorial.jpg\"><img loading=\"lazy\" decoding=\"async\" width=\"1024\" height=\"630\" data-id=\"961\" src=\"https:\/\/iwuystoire.ovh\/wp-content\/uploads\/2024\/07\/Americains-mai-2024-memorial-1024x630.jpg\" alt=\"\" class=\"wp-image-961\" srcset=\"https:\/\/iwuystoire.ovh\/wp-content\/uploads\/2024\/07\/Americains-mai-2024-memorial-1024x630.jpg 1024w, https:\/\/iwuystoire.ovh\/wp-content\/uploads\/2024\/07\/Americains-mai-2024-memorial-300x184.jpg 300w, https:\/\/iwuystoire.ovh\/wp-content\/uploads\/2024\/07\/Americains-mai-2024-memorial-768x472.jpg 768w, https:\/\/iwuystoire.ovh\/wp-content\/uploads\/2024\/07\/Americains-mai-2024-memorial-1536x944.jpg 1536w, https:\/\/iwuystoire.ovh\/wp-content\/uploads\/2024\/07\/Americains-mai-2024-memorial.jpg 2048w\" sizes=\"(max-width: 1024px) 100vw, 1024px\" \/><\/a><\/figure>\n\n\n\n<figure class=\"wp-block-image size-large\"><a href=\"https:\/\/iwuystoire.ovh\/wp-content\/uploads\/2024\/07\/Geants-Americains-mai-2024.jpg\"><img loading=\"lazy\" decoding=\"async\" width=\"708\" height=\"1024\" data-id=\"960\" src=\"https:\/\/iwuystoire.ovh\/wp-content\/uploads\/2024\/07\/Geants-Americains-mai-2024-708x1024.jpg\" alt=\"\" class=\"wp-image-960\" srcset=\"https:\/\/iwuystoire.ovh\/wp-content\/uploads\/2024\/07\/Geants-Americains-mai-2024-708x1024.jpg 708w, https:\/\/iwuystoire.ovh\/wp-content\/uploads\/2024\/07\/Geants-Americains-mai-2024-207x300.jpg 207w, https:\/\/iwuystoire.ovh\/wp-content\/uploads\/2024\/07\/Geants-Americains-mai-2024-768x1112.jpg 768w, https:\/\/iwuystoire.ovh\/wp-content\/uploads\/2024\/07\/Geants-Americains-mai-2024-1061x1536.jpg 1061w, https:\/\/iwuystoire.ovh\/wp-content\/uploads\/2024\/07\/Geants-Americains-mai-2024.jpg 1415w\" sizes=\"(max-width: 708px) 100vw, 708px\" \/><\/a><\/figure>\n<\/figure>\n","protected":false},"excerpt":{"rendered":"<p>Le 21 mai 2024, M Warren Breckmann, professeur d&#8217;histoire \u00e0 l&#8217;Universit\u00e9 de Pennsylvanie (Philadelphie), nous a rendu visite avec une quinzaine d&#8217;\u00e9tudiants am\u00e9ricains. Ces jeunes gens visitaient les champs de bataille de la premi\u00e8re guerre mondiale dont celui d&#8217;Iwuy. C&#8217;est la troisi\u00e8me fois que Warren nous rend visite, la premi\u00e8re fois pour le centenaire de &hellip;<\/p>\n<p class=\"read-more\"> <a class=\"\" href=\"https:\/\/iwuystoire.ovh\/index.php\/des-etudiants-de-luniversite-de-pennsylvanie-en-visite-a-iwuy-21-mai-2024\/\"> <span class=\"screen-reader-text\">Des \u00e9tudiants de l&#8217;Universit\u00e9 de Pennsylvanie en visite \u00e0 Iwuy (21 mai 2024)<\/span> Lire la suite\u00a0\u00bb<\/a><\/p>\n","protected":false},"author":1,"featured_media":0,"parent":0,"menu_order":0,"comment_status":"closed","ping_status":"closed","template":"","meta":{"om_disable_all_campaigns":false,"_monsterinsights_skip_tracking":false,"_monsterinsights_sitenote_active":false,"_monsterinsights_sitenote_note":"","_monsterinsights_sitenote_category":0,"_uf_show_specific_survey":0,"_uf_disable_surveys":false,"site-sidebar-layout":"default","site-content-layout":"default","ast-global-header-display":"","ast-main-header-display":"","ast-hfb-above-header-display":"","ast-hfb-below-header-display":"","ast-hfb-mobile-header-display":"","site-post-title":"","ast-breadcrumbs-content":"","ast-featured-img":"","footer-sml-layout":"","theme-transparent-header-meta":"","adv-header-id-meta":"","stick-header-meta":"","header-above-stick-meta":"","header-main-stick-meta":"","header-below-stick-meta":"","ngg_post_thumbnail":0,"_ti_tpc_template_sync":false,"_ti_tpc_template_id":"","footnotes":""},"class_list":["post-936","page","type-page","status-publish","hentry"],"aioseo_notices":[],"_links":{"self":[{"href":"https:\/\/iwuystoire.ovh\/index.php\/wp-json\/wp\/v2\/pages\/936","targetHints":{"allow":["GET"]}}],"collection":[{"href":"https:\/\/iwuystoire.ovh\/index.php\/wp-json\/wp\/v2\/pages"}],"about":[{"href":"https:\/\/iwuystoire.ovh\/index.php\/wp-json\/wp\/v2\/types\/page"}],"author":[{"embeddable":true,"href":"https:\/\/iwuystoire.ovh\/index.php\/wp-json\/wp\/v2\/users\/1"}],"replies":[{"embeddable":true,"href":"https:\/\/iwuystoire.ovh\/index.php\/wp-json\/wp\/v2\/comments?post=936"}],"version-history":[{"count":7,"href":"https:\/\/iwuystoire.ovh\/index.php\/wp-json\/wp\/v2\/pages\/936\/revisions"}],"predecessor-version":[{"id":967,"href":"https:\/\/iwuystoire.ovh\/index.php\/wp-json\/wp\/v2\/pages\/936\/revisions\/967"}],"wp:attachment":[{"href":"https:\/\/iwuystoire.ovh\/index.php\/wp-json\/wp\/v2\/media?parent=936"}],"curies":[{"name":"wp","href":"https:\/\/api.w.org\/{rel}","templated":true}]}}